{"id":99,"date":"2023-11-07T10:40:26","date_gmt":"2023-11-07T09:40:26","guid":{"rendered":"https:\/\/creativenumerik.com\/?page_id=99"},"modified":"2025-06-20T09:12:25","modified_gmt":"2025-06-20T07:12:25","slug":"a-propos","status":"publish","type":"page","link":"https:\/\/creativenumerik.com\/index.php\/a-propos\/","title":{"rendered":"A propos"},"content":{"rendered":"<p>[et_pb_section fb_built=&#8221;1&#8243; custom_padding_last_edited=&#8221;on|phone&#8221; _builder_version=&#8221;4.23.1&#8243; _module_preset=&#8221;default&#8221; background_color=&#8221;#000000&#8243; background_enable_image=&#8221;off&#8221; background_enable_mask_style=&#8221;on&#8221; background_mask_style=&#8221;corner-square&#8221; background_mask_color=&#8221;RGBA(255,255,255,0)&#8221; width=&#8221;100%&#8221; max_width=&#8221;100%&#8221; max_width_tablet=&#8221;100%&#8221; max_width_phone=&#8221;100%&#8221; max_width_last_edited=&#8221;on|tablet&#8221; module_alignment=&#8221;center&#8221; min_height=&#8221;805px&#8221; height_tablet=&#8221;&#8221; height_phone=&#8221;&#8221; height_last_edited=&#8221;on|phone&#8221; custom_margin=&#8221;||-6px|||&#8221; custom_margin_tablet=&#8221;||-6px|||&#8221; custom_margin_phone=&#8221;||-6px|||&#8221; custom_margin_last_edited=&#8221;on|phone&#8221; custom_padding=&#8221;||35px|||&#8221; custom_padding_tablet=&#8221;||35px|||&#8221; custom_padding_phone=&#8221;||0px|||&#8221; module_alignment_tablet=&#8221;center&#8221; module_alignment_phone=&#8221;center&#8221; module_alignment_last_edited=&#8221;on|phone&#8221; global_colors_info=&#8221;{}&#8221;][et_pb_row make_equal=&#8221;on&#8221; custom_padding_last_edited=&#8221;on|tablet&#8221; _builder_version=&#8221;4.23.4&#8243; _module_preset=&#8221;default&#8221; background_color=&#8221;rgba(255,255,255,0.16)&#8221; width=&#8221;99.6%&#8221; width_tablet=&#8221;99.6%&#8221; width_phone=&#8221;90%&#8221; width_last_edited=&#8221;on|phone&#8221; max_width=&#8221;1101px&#8221; max_width_tablet=&#8221;1101px&#8221; max_width_phone=&#8221;&#8221; max_width_last_edited=&#8221;on|phone&#8221; module_alignment=&#8221;center&#8221; min_height=&#8221;696.9px&#8221; min_height_tablet=&#8221;878.8px&#8221; min_height_phone=&#8221;69rem&#8221; min_height_last_edited=&#8221;on|tablet&#8221; height_tablet=&#8221;&#8221; height_phone=&#8221;1708px&#8221; height_last_edited=&#8221;on|phone&#8221; max_height_tablet=&#8221;&#8221; max_height_phone=&#8221;1007px&#8221; max_height_last_edited=&#8221;on|phone&#8221; custom_margin=&#8221;-35px|auto||auto|false|false&#8221; custom_margin_tablet=&#8221;-46px|172px||10px|false|false&#8221; custom_margin_phone=&#8221;-25px|0px|6px|0px|false|false&#8221; custom_margin_last_edited=&#8221;on|tablet&#8221; custom_padding=&#8221;21px|1px|0px|0px|false|false&#8221; custom_padding_tablet=&#8221;||15px|13px|false|false&#8221; custom_padding_phone=&#8221;21px||15px|0px|false|false&#8221; module_alignment_tablet=&#8221;center&#8221; module_alignment_phone=&#8221;center&#8221; module_alignment_last_edited=&#8221;on|phone&#8221; border_width_all=&#8221;1px&#8221; border_color_all=&#8221;#000000&#8243; global_colors_info=&#8221;{}&#8221;][et_pb_column type=&#8221;4_4&#8243; _builder_version=&#8221;4.23.1&#8243; _module_preset=&#8221;default&#8221; global_colors_info=&#8221;{}&#8221;][et_pb_text _builder_version=&#8221;4.23.1&#8243; _module_preset=&#8221;default&#8221; background_color=&#8221;#e8e8e8&#8243; width=&#8221;80.1%&#8221; width_tablet=&#8221;220.7%&#8221; width_phone=&#8221;85%&#8221; width_last_edited=&#8221;on|tablet&#8221; max_width_tablet=&#8221;80%&#8221; max_width_phone=&#8221;90%&#8221; max_width_last_edited=&#8221;on|tablet&#8221; module_alignment=&#8221;center&#8221; min_height=&#8221;545.3px&#8221; min_height_tablet=&#8221;597px&#8221; min_height_phone=&#8221;391.7px&#8221; min_height_last_edited=&#8221;on|tablet&#8221; height=&#8221;408px&#8221; height_tablet=&#8221;408px&#8221; height_phone=&#8221;&#8221; height_last_edited=&#8221;on|phone&#8221; custom_margin=&#8221;15px|12px||-276px|false|false&#8221; custom_margin_tablet=&#8221;20px|0px|5px|0px|false|false&#8221; custom_margin_phone=&#8221;20px||5px||false|false&#8221; custom_margin_last_edited=&#8221;on|tablet&#8221; custom_padding=&#8221;29px|306px|3px|20px|false|false&#8221; custom_padding_tablet=&#8221;20px|45px|15px|45px|false|false&#8221; custom_padding_phone=&#8221;30px|20px|0px|20px|false|false&#8221; custom_padding_last_edited=&#8221;on|tablet&#8221; global_colors_info=&#8221;{}&#8221;]<\/p>\n<p><span style=\"color: #000000; font-size: x-large;\"><strong>Qui suis-je ?<\/strong><\/span><\/p>\n<p><span style=\"color: #000000;\">Je m&#8217;appelle Tristan Blasin, je suis d\u00e9veloppeur Web Front-end React.Js<\/span><\/p>\n<p><span style=\"color: #0f0f0f;\"><\/span><span style=\"color: #000000;\"><strong>Mon parcours :<\/strong><\/span><\/p>\n<p><span style=\"color: #000000;\">Apr\u00e8s avoir travaill\u00e9 dans le management du secteur touristique, c&#8217;est en 2007 que je cr\u00e9e ma propre entreprise afin de d\u00e9couvrir le monde de l&#8217;entreprenariat dans le domaine des sports nautiques. <\/span><span style=\"color: #000000;\">Cette aventure professionnelle aura <\/span><span style=\"color: #000000;\">dur\u00e9e plus de dix ann\u00e9es. <\/span><\/p>\n<p><span style=\"color: #000000;\">D\u00e9sireux de m&#8217;orienter vers un m\u00e9tier \u00e0 la fois plus cr\u00e9atif et technique,<\/span><span style=\"color: #000000;\"> j&#8217;ai suivi un cursus de formation &#8220;MERN Stack&#8221; chez OpenClassrooms\/Paris.<\/span><\/p>\n<p><span style=\"color: #000000;\">Cette ann\u00e9e 2024, j&#8217;ai d\u00e9cid\u00e9 de me d\u00e9clarer en &#8220;Freelance&#8221; en tant que d\u00e9veloppeur Web Front-end JavaScript React.Js et Next.Js <\/span><span style=\"color: #000000;\"><\/span><span style=\"color: #000000;\">\u00a0<\/span><\/p>\n<p><span style=\"color: #000000;\"><strong><\/strong><\/span><\/p>\n<p><strong><span style=\"color: #000000;\">Formations et dipl\u00f4mes : <\/span><\/strong><strong><span style=\"color: #000000;\"><\/span><\/strong><\/p>\n<p><span style=\"color: #000000;\"><em>2005<\/em> &#8211; Master en management des m\u00e9tiers du tourisme (I.A.E R\u00e9union) <\/span><\/p>\n<p><span style=\"color: #000000;\"><em>2023<\/em> &#8211; D\u00e9veloppeur web front-end React.Js (OpenClassrooms, Paris)\u00a0 <\/span><\/p>\n<p><span style=\"color: #000000;\"><em>2023<\/em> &#8211; Graphisme et Marketing Digital (I.F.R R\u00e9union)<\/span><\/p>\n<p><span style=\"color: #000000;\"><strong><\/strong><\/span><\/p>\n<p><span style=\"color: #000000;\"><strong><\/strong><\/span><\/p>\n<p>&nbsp;<\/p>\n<p><span style=\"color: #000000;\"><\/span><\/p>\n<p><span style=\"color: #424242;\"><strong><\/strong><\/span><\/p>\n<p>[\/et_pb_text][et_pb_image src=&#8221;http:\/\/creativenumerik.com\/wp-content\/uploads\/2023\/11\/IMG-20231108-WA0020.jpg&#8221; title_text=&#8221;IMG-20231108-WA0020&#8243; align=&#8221;center&#8221; align_tablet=&#8221;center&#8221; align_phone=&#8221;center&#8221; align_last_edited=&#8221;on|phone&#8221; _builder_version=&#8221;4.27.4&#8243; _module_preset=&#8221;default&#8221; transform_scale=&#8221;167%|167%&#8221; width_tablet=&#8221;100%&#8221; width_phone=&#8221;100%&#8221; width_last_edited=&#8221;on|tablet&#8221; max_width_tablet=&#8221;&#8221; max_width_phone=&#8221;100%&#8221; max_width_last_edited=&#8221;on|phone&#8221; module_alignment=&#8221;center&#8221; min_height=&#8221;194.2px&#8221; min_height_tablet=&#8221;100px&#8221; min_height_phone=&#8221;100px&#8221; min_height_last_edited=&#8221;on|tablet&#8221; height=&#8221;184px&#8221; height_tablet=&#8221;140px&#8221; height_phone=&#8221;100px&#8221; height_last_edited=&#8221;on|phone&#8221; custom_margin=&#8221;-340px|-150px||471px|false|false&#8221; custom_margin_tablet=&#8221;22px|70px||-117px|false|false&#8221; custom_margin_phone=&#8221;-15%|53px||-120px|false|false&#8221; custom_margin_last_edited=&#8221;on|tablet&#8221; custom_padding=&#8221;|13px|1px|340px|false|false&#8221; custom_padding_tablet=&#8221;0px|||203px|false|false&#8221; custom_padding_phone=&#8221;0%|||25%|false|false&#8221; custom_padding_last_edited=&#8221;on|desktop&#8221; hover_enabled=&#8221;0&#8243; border_width_all=&#8221;1px&#8221; border_color_all=&#8221;#000000&#8243; box_shadow_style=&#8221;preset1&#8243; box_shadow_horizontal=&#8221;-1px&#8221; box_shadow_blur=&#8221;11px&#8221; box_shadow_spread=&#8221;3px&#8221; locked=&#8221;off&#8221; global_colors_info=&#8221;{}&#8221; sticky_enabled=&#8221;0&#8243;][\/et_pb_image][\/et_pb_column][\/et_pb_row][\/et_pb_section]<\/p>\n","protected":false},"excerpt":{"rendered":"<p>Qui suis-je ? Je m&#8217;appelle Tristan Blasin, je suis d\u00e9veloppeur Web Front-end React.Js Mon parcours : Apr\u00e8s avoir travaill\u00e9 dans le management du secteur touristique, c&#8217;est en 2007 que je cr\u00e9e ma propre entreprise afin de d\u00e9couvrir le monde de l&#8217;entreprenariat dans le domaine des sports nautiques. Cette aventure professionnelle aura dur\u00e9e plus de dix [&hellip;]<\/p>\n","protected":false},"author":1,"featured_media":0,"parent":0,"menu_order":0,"comment_status":"closed","ping_status":"closed","template":"","meta":{"_et_pb_use_builder":"on","_et_pb_old_content":"<!-- wp:divi\/placeholder \/-->","_et_gb_content_width":"","footnotes":""},"_links":{"self":[{"href":"https:\/\/creativenumerik.com\/index.php\/wp-json\/wp\/v2\/pages\/99"}],"collection":[{"href":"https:\/\/creativenumerik.com\/index.php\/wp-json\/wp\/v2\/pages"}],"about":[{"href":"https:\/\/creativenumerik.com\/index.php\/wp-json\/wp\/v2\/types\/page"}],"author":[{"embeddable":true,"href":"https:\/\/creativenumerik.com\/index.php\/wp-json\/wp\/v2\/users\/1"}],"replies":[{"embeddable":true,"href":"https:\/\/creativenumerik.com\/index.php\/wp-json\/wp\/v2\/comments?post=99"}],"version-history":[{"count":81,"href":"https:\/\/creativenumerik.com\/index.php\/wp-json\/wp\/v2\/pages\/99\/revisions"}],"predecessor-version":[{"id":990,"href":"https:\/\/creativenumerik.com\/index.php\/wp-json\/wp\/v2\/pages\/99\/revisions\/990"}],"wp:attachment":[{"href":"https:\/\/creativenumerik.com\/index.php\/wp-json\/wp\/v2\/media?parent=99"}],"curies":[{"name":"wp","href":"https:\/\/api.w.org\/{rel}","templated":true}]}}